{"id":1587,"date":"2024-11-05T21:34:03","date_gmt":"2024-11-05T21:34:03","guid":{"rendered":"https:\/\/backup.kiavcin.sk\/zasady-pouzivania-suborov-cookie-eu\/"},"modified":"2026-03-13T15:54:02","modified_gmt":"2026-03-13T15:54:02","slug":"zasady-pouzivania-suborov-cookie-eu","status":"publish","type":"page","link":"https:\/\/kiavcin.sk\/cs\/zasady-pouzivania-suborov-cookie-eu\/","title":{"rendered":"Z\u00e1sady pou\u017e\u00edvania s\u00faborov cookie (E\u00da)"},"content":{"rendered":"<div data-elementor-type=\"wp-page\" data-elementor-id=\"1587\" class=\"elementor elementor-1587\" data-elementor-settings=\"{&quot;element_pack_global_tooltip_width&quot;:{&quot;unit&quot;:&quot;px&quot;,&quot;size&quot;:&quot;&quot;,&quot;sizes&quot;:[]},&quot;element_pack_global_tooltip_width_tablet&quot;:{&quot;unit&quot;:&quot;px&quot;,&quot;size&quot;:&quot;&quot;,&quot;sizes&quot;:[]},&quot;element_pack_global_tooltip_width_mobile&quot;:{&quot;unit&quot;:&quot;px&quot;,&quot;size&quot;:&quot;&quot;,&quot;sizes&quot;:[]},&quot;element_pack_global_tooltip_padding&quot;:{&quot;unit&quot;:&quot;px&quot;,&quot;top&quot;:&quot;&quot;,&quot;right&quot;:&quot;&quot;,&quot;bottom&quot;:&quot;&quot;,&quot;left&quot;:&quot;&quot;,&quot;isLinked&quot;:true},&quot;element_pack_global_tooltip_padding_tablet&quot;:{&quot;unit&quot;:&quot;px&quot;,&quot;top&quot;:&quot;&quot;,&quot;right&quot;:&quot;&quot;,&quot;bottom&quot;:&quot;&quot;,&quot;left&quot;:&quot;&quot;,&quot;isLinked&quot;:true},&quot;element_pack_global_tooltip_padding_mobile&quot;:{&quot;unit&quot;:&quot;px&quot;,&quot;top&quot;:&quot;&quot;,&quot;right&quot;:&quot;&quot;,&quot;bottom&quot;:&quot;&quot;,&quot;left&quot;:&quot;&quot;,&quot;isLinked&quot;:true},&quot;element_pack_global_tooltip_border_radius&quot;:{&quot;unit&quot;:&quot;px&quot;,&quot;top&quot;:&quot;&quot;,&quot;right&quot;:&quot;&quot;,&quot;bottom&quot;:&quot;&quot;,&quot;left&quot;:&quot;&quot;,&quot;isLinked&quot;:true},&quot;element_pack_global_tooltip_border_radius_tablet&quot;:{&quot;unit&quot;:&quot;px&quot;,&quot;top&quot;:&quot;&quot;,&quot;right&quot;:&quot;&quot;,&quot;bottom&quot;:&quot;&quot;,&quot;left&quot;:&quot;&quot;,&quot;isLinked&quot;:true},&quot;element_pack_global_tooltip_border_radius_mobile&quot;:{&quot;unit&quot;:&quot;px&quot;,&quot;top&quot;:&quot;&quot;,&quot;right&quot;:&quot;&quot;,&quot;bottom&quot;:&quot;&quot;,&quot;left&quot;:&quot;&quot;,&quot;isLinked&quot;:true}}\" data-elementor-post-type=\"page\">\n\t\t\t\t<div class=\"elementor-element elementor-element-60bad641 e-flex e-con-boxed e-con e-parent\" data-id=\"60bad641\" data-element_type=\"container\">\n\t\t\t\t\t<div class=\"e-con-inner\">\n\t\t\t\t<div class=\"elementor-element elementor-element-1b5fc4ef elementor-widget elementor-widget-text-editor\" data-id=\"1b5fc4ef\" data-element_type=\"widget\" data-widget_type=\"text-editor.default\">\n\t\t\t\t<div class=\"elementor-widget-container\">\n\t\t\t\t\t\t\t\t\t<p data-path-to-node=\"3\">Tento dokument vysvet\u013euje, ako spolo\u010dnos\u0165 <b data-path-to-node=\"3\" data-index-in-node=\"42\">Objekt Syndrom s.r.o.<\/b> pou\u017e\u00edva s\u00fabory cookies a podobn\u00e9 technol\u00f3gie na webovej str\u00e1nke <b data-path-to-node=\"3\" data-index-in-node=\"128\"><a class=\"ng-star-inserted\" href=\"https:\/\/kiavcin.sk\/cs\/\" target=\"_blank\" rel=\"noopener\" data-hveid=\"0\" data-ved=\"0CAAQ_4QMahcKEwjgvuaEnZ2TAxUAAAAAHQAAAAAQWA\">https:\/\/kiavcin.sk\/<\/a><\/b>.<\/p>\r\n\r\n<h3 data-path-to-node=\"4\">1. \u010co s\u00fa s\u00fabory cookies?<\/h3>\r\n<p data-path-to-node=\"5\">Cookies s\u00fa mal\u00e9 textov\u00e9 s\u00fabory, ktor\u00e9 sa ukladaj\u00fa do v\u00e1\u0161ho prehliada\u010da alebo zariadenia pri n\u00e1v\u0161teve webovej str\u00e1nky. Umo\u017e\u0148uj\u00fa webu zapam\u00e4ta\u0165 si inform\u00e1cie o va\u0161ej n\u00e1v\u0161teve (napr. preferovan\u00fd jazyk, obsah ko\u0161\u00edka alebo \u0161tatistiky n\u00e1v\u0161tevnosti), v\u010faka \u010domu je va\u0161a \u010fal\u0161ia n\u00e1v\u0161teva jednoduch\u0161ia a web u\u017eito\u010dnej\u0161\u00ed.<\/p>\r\n\r\n<h3 data-path-to-node=\"6\">2. Ak\u00e9 typy cookies pou\u017e\u00edvame?<\/h3>\r\n<p data-path-to-node=\"7\">Na na\u0161om webe vyu\u017e\u00edvame nasleduj\u00face kateg\u00f3rie cookies:<\/p>\r\n\r\n<ul data-path-to-node=\"8\">\r\n \t<li>\r\n<p data-path-to-node=\"8,0,0\"><b data-path-to-node=\"8,0,0\" data-index-in-node=\"0\">Nevyhnutn\u00e9 (Technick\u00e9) cookies:<\/b> S\u00fa nevyhnutn\u00e9 pre spr\u00e1vne fungovanie webu (napr. navig\u00e1cia, pr\u00edstup do zabezpe\u010den\u00fdch sekci\u00ed, ukladanie tovaru v ko\u0161\u00edku). Bez t\u00fdchto cookies by web nefungoval spr\u00e1vne. Na ich pou\u017e\u00edvanie nepotrebujeme v\u00e1\u0161 s\u00fahlas.<\/p>\r\n<\/li>\r\n \t<li>\r\n<p data-path-to-node=\"8,1,0\"><b data-path-to-node=\"8,1,0\" data-index-in-node=\"0\">Analytick\u00e9 a \u0161tatistick\u00e9 cookies:<\/b> Pom\u00e1haj\u00fa n\u00e1m pochopi\u0165, ako n\u00e1v\u0161tevn\u00edci pou\u017e\u00edvaj\u00fa web (napr. ktor\u00e9 str\u00e1nky s\u00fa najpopul\u00e1rnej\u0161ie). Tieto \u00fadaje s\u00fa anonymizovan\u00e9. Pou\u017e\u00edvame ich len na z\u00e1klade v\u00e1\u0161ho s\u00fahlasu.<\/p>\r\n<\/li>\r\n \t<li>\r\n<p data-path-to-node=\"8,2,0\"><b data-path-to-node=\"8,2,0\" data-index-in-node=\"0\">Marketingov\u00e9 a preferen\u010dn\u00e9 cookies:<\/b> Sl\u00fa\u017eia na zobrazovanie reklamy, ktor\u00e1 je pre v\u00e1s relevantn\u00e1, a na zapam\u00e4tanie si va\u0161ich nastaven\u00ed. Taktie\u017e ich pou\u017e\u00edvame len s va\u0161\u00edm v\u00fdslovn\u00fdm s\u00fahlasom.<\/p>\r\n<\/li>\r\n<\/ul>\r\n<h3 data-path-to-node=\"9\">3. Konkr\u00e9tne n\u00e1stroje tret\u00edch str\u00e1n<\/h3>\r\n<p data-path-to-node=\"10\">N\u00e1\u0161 web m\u00f4\u017ee vyu\u017e\u00edva\u0165 slu\u017eby tret\u00edch str\u00e1n, ktor\u00e9 ukladaj\u00fa vlastn\u00e9 cookies:<\/p>\r\n\r\n<ul data-path-to-node=\"11\">\r\n \t<li>\r\n<p data-path-to-node=\"11,0,0\"><b data-path-to-node=\"11,0,0\" data-index-in-node=\"0\">Google Analytics:<\/b> Pre anal\u00fdzu n\u00e1v\u0161tevnosti a spr\u00e1vania pou\u017e\u00edvate\u013eov.<\/p>\r\n<\/li>\r\n \t<li>\r\n<p data-path-to-node=\"11,1,0\"><b data-path-to-node=\"11,1,0\" data-index-in-node=\"0\">Google Ads \/ Facebook Pixel:<\/b> Pre \u00fa\u010dely cielenej reklamy a merania jej \u00faspe\u0161nosti (ak s\u00fa na webe implementovan\u00e9).<\/p>\r\n<\/li>\r\n<\/ul>\r\n<h3 data-path-to-node=\"12\">4. Ako m\u00f4\u017eete spravova\u0165 cookies?<\/h3>\r\n<p data-path-to-node=\"13\">M\u00e1te pln\u00fa kontrolu nad t\u00fdm, ktor\u00e9 cookies povol\u00edte:<\/p>\r\n\r\n<ol start=\"1\" data-path-to-node=\"14\">\r\n \t<li>\r\n<p data-path-to-node=\"14,0,0\"><b data-path-to-node=\"14,0,0\" data-index-in-node=\"0\">Nastavenie na webe:<\/b> Pri va\u0161ej prvej n\u00e1v\u0161teve sa zobraz\u00ed &#8222;Cookie li\u0161ta&#8220;, kde m\u00f4\u017eete udeli\u0165 s\u00fahlas so v\u0161etk\u00fdmi cookies, alebo si vybra\u0165 len konkr\u00e9tne kateg\u00f3rie.<\/p>\r\n<\/li>\r\n \t<li>\r\n<p data-path-to-node=\"14,1,0\"><b data-path-to-node=\"14,1,0\" data-index-in-node=\"0\">Nastavenie prehliada\u010da:<\/b> V\u00e4\u010d\u0161ina prehliada\u010dov umo\u017e\u0148uje cookies \u00faplne zak\u00e1za\u0165 alebo vymaza\u0165 tie u\u017e ulo\u017een\u00e9. Postup n\u00e1jdete v nastaveniach v\u00e1\u0161ho prehliada\u010da (Chrome, Safari, Firefox, Edge).<\/p>\r\n\r\n<ul data-path-to-node=\"14,1,1\">\r\n \t<li>\r\n<p data-path-to-node=\"14,1,1,0,0\"><i data-path-to-node=\"14,1,1,0,0\" data-index-in-node=\"0\">Upozornenie:<\/i> Ak zak\u00e1\u017eete v\u0161etky cookies (vr\u00e1tane nevyhnutn\u00fdch), niektor\u00e9 \u010dasti webu kiavcin.sk nemusia fungova\u0165 spr\u00e1vne.<\/p>\r\n<\/li>\r\n<\/ul>\r\n<\/li>\r\n<\/ol>\r\n<h3 data-path-to-node=\"15\">5. Kontakt<\/h3>\r\n<p data-path-to-node=\"16\">Ak m\u00e1te ak\u00e9ko\u013evek ot\u00e1zky k pou\u017e\u00edvaniu cookies na na\u0161om webe, kontaktujte n\u00e1s na:<\/p>\r\n\r\n<ul data-path-to-node=\"17\">\r\n \t<li>\r\n<p data-path-to-node=\"17,0,0\"><b data-path-to-node=\"17,0,0\" data-index-in-node=\"0\">E-mail:<\/b> info@kiavcin.sk<\/p>\r\n<\/li>\r\n \t<li>\r\n<p data-path-to-node=\"17,1,0\"><b data-path-to-node=\"17,1,0\" data-index-in-node=\"0\">Adresa:<\/b> Objekt Syndrom s.r.o., Kun\u011btick\u00e1 2534\/2, Vinohrady (Praha 2), 120 00 Praha<\/p>\r\n<\/li>\r\n<\/ul>\r\n<p data-path-to-node=\"18\">Tieto z\u00e1sady s\u00fa platn\u00e9 od 13.03.2026.<\/p>\t\t\t\t\t\t\t\t<\/div>\n\t\t\t\t<\/div>\n\t\t\t\t\t<\/div>\n\t\t\t\t<\/div>\n\t\t\t\t<\/div>","protected":false},"excerpt":{"rendered":"<p>Tento dokument vysvet\u013euje, ako spolo\u010dnos\u0165 Objekt Syndrom s.r.o. pou\u017e\u00edva s\u00fabory cookies a podobn\u00e9 technol\u00f3gie na webovej str\u00e1nke https:\/\/kiavcin.sk\/. 1. \u010co s\u00fa s\u00fabory [&hellip;]<\/p>","protected":false},"author":1,"featured_media":0,"parent":0,"menu_order":0,"comment_status":"closed","ping_status":"closed","template":"elementor_header_footer","meta":{"footnotes":""},"class_list":["post-1587","page","type-page","status-publish","hentry"],"yoast_head":"<!-- This site is optimized with the Yoast SEO plugin v26.0 - https:\/\/yoast.com\/wordpress\/plugins\/seo\/ -->\n<title>Z\u00e1sady pou\u017e\u00edvania s\u00faborov cookie (E\u00da) - Ras\u0165o Kiav\u010din<\/title>\n<meta name=\"robots\" content=\"index, follow, max-snippet:-1, max-image-preview:large, max-video-preview:-1\" \/>\n<link rel=\"canonical\" href=\"https:\/\/kiavcin.sk\/cs\/zasady-pouzivania-suborov-cookie-eu\/\" \/>\n<meta property=\"og:locale\" content=\"cs_CZ\" \/>\n<meta property=\"og:type\" content=\"article\" \/>\n<meta property=\"og:title\" content=\"Z\u00e1sady pou\u017e\u00edvania s\u00faborov cookie (E\u00da) - Ras\u0165o Kiav\u010din\" \/>\n<meta property=\"og:description\" content=\"Tento dokument vysvet\u013euje, ako spolo\u010dnos\u0165 Objekt Syndrom s.r.o. pou\u017e\u00edva s\u00fabory cookies a podobn\u00e9 technol\u00f3gie na webovej str\u00e1nke https:\/\/kiavcin.sk\/. 1. \u010co s\u00fa s\u00fabory [&hellip;]\" \/>\n<meta property=\"og:url\" content=\"https:\/\/kiavcin.sk\/cs\/zasady-pouzivania-suborov-cookie-eu\/\" \/>\n<meta property=\"og:site_name\" content=\"Ras\u0165o Kiav\u010din\" \/>\n<meta property=\"article:modified_time\" content=\"2026-03-13T15:54:02+00:00\" \/>\n<meta property=\"og:image\" content=\"https:\/\/kiavcin.sk\/wp-content\/uploads\/2024\/09\/HP-avatar-1.png\" \/>\n\t<meta property=\"og:image:width\" content=\"491\" \/>\n\t<meta property=\"og:image:height\" content=\"481\" \/>\n\t<meta property=\"og:image:type\" content=\"image\/png\" \/>\n<meta name=\"twitter:card\" content=\"summary_large_image\" \/>\n<meta name=\"twitter:label1\" content=\"Odhadovan\u00e1 doba \u010dten\u00ed\" \/>\n\t<meta name=\"twitter:data1\" content=\"2 minuty\" \/>\n<script type=\"application\/ld+json\" class=\"yoast-schema-graph\">{\"@context\":\"https:\/\/schema.org\",\"@graph\":[{\"@type\":\"WebPage\",\"@id\":\"https:\/\/kiavcin.sk\/cs\/zasady-pouzivania-suborov-cookie-eu\/\",\"url\":\"https:\/\/kiavcin.sk\/cs\/zasady-pouzivania-suborov-cookie-eu\/\",\"name\":\"Z\u00e1sady pou\u017e\u00edvania s\u00faborov cookie (E\u00da) - Ras\u0165o Kiav\u010din\",\"isPartOf\":{\"@id\":\"https:\/\/kiavcin.sk\/cs\/#website\"},\"datePublished\":\"2024-11-05T21:34:03+00:00\",\"dateModified\":\"2026-03-13T15:54:02+00:00\",\"breadcrumb\":{\"@id\":\"https:\/\/kiavcin.sk\/cs\/zasady-pouzivania-suborov-cookie-eu\/#breadcrumb\"},\"inLanguage\":\"cs\",\"potentialAction\":[{\"@type\":\"ReadAction\",\"target\":[\"https:\/\/kiavcin.sk\/cs\/zasady-pouzivania-suborov-cookie-eu\/\"]}]},{\"@type\":\"BreadcrumbList\",\"@id\":\"https:\/\/kiavcin.sk\/cs\/zasady-pouzivania-suborov-cookie-eu\/#breadcrumb\",\"itemListElement\":[{\"@type\":\"ListItem\",\"position\":1,\"name\":\"Domovsk\u00e1 str\u00e1nka\",\"item\":\"https:\/\/kiavcin.sk\/\"},{\"@type\":\"ListItem\",\"position\":2,\"name\":\"Z\u00e1sady pou\u017e\u00edvania s\u00faborov cookie (E\u00da)\"}]},{\"@type\":\"WebSite\",\"@id\":\"https:\/\/kiavcin.sk\/cs\/#website\",\"url\":\"https:\/\/kiavcin.sk\/cs\/\",\"name\":\"Ras\u0165o Kiav\u010din\",\"description\":\"\",\"publisher\":{\"@id\":\"https:\/\/kiavcin.sk\/cs\/#organization\"},\"potentialAction\":[{\"@type\":\"SearchAction\",\"target\":{\"@type\":\"EntryPoint\",\"urlTemplate\":\"https:\/\/kiavcin.sk\/cs\/?s={search_term_string}\"},\"query-input\":{\"@type\":\"PropertyValueSpecification\",\"valueRequired\":true,\"valueName\":\"search_term_string\"}}],\"inLanguage\":\"cs\"},{\"@type\":\"Organization\",\"@id\":\"https:\/\/kiavcin.sk\/cs\/#organization\",\"name\":\"Ras\u0165o Kiav\u010din\",\"url\":\"https:\/\/kiavcin.sk\/cs\/\",\"logo\":{\"@type\":\"ImageObject\",\"inLanguage\":\"cs\",\"@id\":\"https:\/\/kiavcin.sk\/cs\/#\/schema\/logo\/image\/\",\"url\":\"https:\/\/backup.kiavcin.sk\/wp-content\/uploads\/2024\/09\/HP-avatar-1.png\",\"contentUrl\":\"https:\/\/backup.kiavcin.sk\/wp-content\/uploads\/2024\/09\/HP-avatar-1.png\",\"width\":491,\"height\":481,\"caption\":\"Ras\u0165o Kiav\u010din\"},\"image\":{\"@id\":\"https:\/\/kiavcin.sk\/cs\/#\/schema\/logo\/image\/\"}}]}<\/script>\n<!-- \/ Yoast SEO plugin. -->","yoast_head_json":{"title":"Z\u00e1sady pou\u017e\u00edvania s\u00faborov cookie (E\u00da) - Ras\u0165o Kiav\u010din","robots":{"index":"index","follow":"follow","max-snippet":"max-snippet:-1","max-image-preview":"max-image-preview:large","max-video-preview":"max-video-preview:-1"},"canonical":"https:\/\/kiavcin.sk\/cs\/zasady-pouzivania-suborov-cookie-eu\/","og_locale":"cs_CZ","og_type":"article","og_title":"Z\u00e1sady pou\u017e\u00edvania s\u00faborov cookie (E\u00da) - Ras\u0165o Kiav\u010din","og_description":"Tento dokument vysvet\u013euje, ako spolo\u010dnos\u0165 Objekt Syndrom s.r.o. pou\u017e\u00edva s\u00fabory cookies a podobn\u00e9 technol\u00f3gie na webovej str\u00e1nke https:\/\/kiavcin.sk\/. 1. \u010co s\u00fa s\u00fabory [&hellip;]","og_url":"https:\/\/kiavcin.sk\/cs\/zasady-pouzivania-suborov-cookie-eu\/","og_site_name":"Ras\u0165o Kiav\u010din","article_modified_time":"2026-03-13T15:54:02+00:00","og_image":[{"width":491,"height":481,"url":"https:\/\/kiavcin.sk\/wp-content\/uploads\/2024\/09\/HP-avatar-1.png","type":"image\/png"}],"twitter_card":"summary_large_image","twitter_misc":{"Odhadovan\u00e1 doba \u010dten\u00ed":"2 minuty"},"schema":{"@context":"https:\/\/schema.org","@graph":[{"@type":"WebPage","@id":"https:\/\/kiavcin.sk\/cs\/zasady-pouzivania-suborov-cookie-eu\/","url":"https:\/\/kiavcin.sk\/cs\/zasady-pouzivania-suborov-cookie-eu\/","name":"Z\u00e1sady pou\u017e\u00edvania s\u00faborov cookie (E\u00da) - Ras\u0165o Kiav\u010din","isPartOf":{"@id":"https:\/\/kiavcin.sk\/cs\/#website"},"datePublished":"2024-11-05T21:34:03+00:00","dateModified":"2026-03-13T15:54:02+00:00","breadcrumb":{"@id":"https:\/\/kiavcin.sk\/cs\/zasady-pouzivania-suborov-cookie-eu\/#breadcrumb"},"inLanguage":"cs","potentialAction":[{"@type":"ReadAction","target":["https:\/\/kiavcin.sk\/cs\/zasady-pouzivania-suborov-cookie-eu\/"]}]},{"@type":"BreadcrumbList","@id":"https:\/\/kiavcin.sk\/cs\/zasady-pouzivania-suborov-cookie-eu\/#breadcrumb","itemListElement":[{"@type":"ListItem","position":1,"name":"Domovsk\u00e1 str\u00e1nka","item":"https:\/\/kiavcin.sk\/"},{"@type":"ListItem","position":2,"name":"Z\u00e1sady pou\u017e\u00edvania s\u00faborov cookie (E\u00da)"}]},{"@type":"WebSite","@id":"https:\/\/kiavcin.sk\/cs\/#website","url":"https:\/\/kiavcin.sk\/cs\/","name":"Ras\u0165o Kiav\u010din","description":"","publisher":{"@id":"https:\/\/kiavcin.sk\/cs\/#organization"},"potentialAction":[{"@type":"SearchAction","target":{"@type":"EntryPoint","urlTemplate":"https:\/\/kiavcin.sk\/cs\/?s={search_term_string}"},"query-input":{"@type":"PropertyValueSpecification","valueRequired":true,"valueName":"search_term_string"}}],"inLanguage":"cs"},{"@type":"Organization","@id":"https:\/\/kiavcin.sk\/cs\/#organization","name":"Ras\u0165o Kiav\u010din","url":"https:\/\/kiavcin.sk\/cs\/","logo":{"@type":"ImageObject","inLanguage":"cs","@id":"https:\/\/kiavcin.sk\/cs\/#\/schema\/logo\/image\/","url":"https:\/\/backup.kiavcin.sk\/wp-content\/uploads\/2024\/09\/HP-avatar-1.png","contentUrl":"https:\/\/backup.kiavcin.sk\/wp-content\/uploads\/2024\/09\/HP-avatar-1.png","width":491,"height":481,"caption":"Ras\u0165o Kiav\u010din"},"image":{"@id":"https:\/\/kiavcin.sk\/cs\/#\/schema\/logo\/image\/"}}]}},"_links":{"self":[{"href":"https:\/\/kiavcin.sk\/cs\/wp-json\/wp\/v2\/pages\/1587","targetHints":{"allow":["GET"]}}],"collection":[{"href":"https:\/\/kiavcin.sk\/cs\/wp-json\/wp\/v2\/pages"}],"about":[{"href":"https:\/\/kiavcin.sk\/cs\/wp-json\/wp\/v2\/types\/page"}],"author":[{"embeddable":true,"href":"https:\/\/kiavcin.sk\/cs\/wp-json\/wp\/v2\/users\/1"}],"replies":[{"embeddable":true,"href":"https:\/\/kiavcin.sk\/cs\/wp-json\/wp\/v2\/comments?post=1587"}],"version-history":[{"count":5,"href":"https:\/\/kiavcin.sk\/cs\/wp-json\/wp\/v2\/pages\/1587\/revisions"}],"predecessor-version":[{"id":6913,"href":"https:\/\/kiavcin.sk\/cs\/wp-json\/wp\/v2\/pages\/1587\/revisions\/6913"}],"wp:attachment":[{"href":"https:\/\/kiavcin.sk\/cs\/wp-json\/wp\/v2\/media?parent=1587"}],"curies":[{"name":"wp","href":"https:\/\/api.w.org\/{rel}","templated":true}]}}