{"id":5041,"date":"2025-07-31T10:58:02","date_gmt":"2025-07-31T10:58:02","guid":{"rendered":"https:\/\/backup.kiavcin.sk\/?post_type=product&#038;p=5041"},"modified":"2025-08-11T14:46:03","modified_gmt":"2025-08-11T14:46:03","slug":"prompt-engineering-kamil-workshop","status":"publish","type":"product","link":"https:\/\/kiavcin.sk\/cs\/produkt\/prompt-engineering-kamil-workshop\/","title":{"rendered":"Kamil Aujesky: Prompt Engineering pre market\u00e9rov"},"content":{"rendered":"","protected":false},"excerpt":{"rendered":"","protected":false},"featured_media":5042,"template":"","meta":[],"product_brand":[],"product_cat":[19],"product_tag":[],"class_list":{"0":"post-5041","1":"product","2":"type-product","3":"status-publish","4":"has-post-thumbnail","6":"product_cat-uncategorized","8":"first","9":"instock","10":"virtual","11":"taxable","12":"purchasable","13":"product-type-simple"},"yoast_head":"<!-- This site is optimized with the Yoast SEO plugin v26.0 - https:\/\/yoast.com\/wordpress\/plugins\/seo\/ -->\n<title>Kamil Aujesky: Prompt Engineering pre market\u00e9rov - Ras\u0165o Kiav\u010din<\/title>\n<meta name=\"robots\" content=\"index, follow, max-snippet:-1, max-image-preview:large, max-video-preview:-1\" \/>\n<link rel=\"canonical\" href=\"https:\/\/kiavcin.sk\/cs\/produkt\/prompt-engineering-kamil-workshop\/\" \/>\n<meta property=\"og:locale\" content=\"cs_CZ\" \/>\n<meta property=\"og:type\" content=\"article\" \/>\n<meta property=\"og:title\" content=\"Kamil Aujesky: Prompt Engineering pre market\u00e9rov - Ras\u0165o Kiav\u010din\" \/>\n<meta property=\"og:url\" content=\"https:\/\/kiavcin.sk\/cs\/produkt\/prompt-engineering-kamil-workshop\/\" \/>\n<meta property=\"og:site_name\" content=\"Ras\u0165o Kiav\u010din\" \/>\n<meta property=\"article:modified_time\" content=\"2025-08-11T14:46:03+00:00\" \/>\n<meta property=\"og:image\" content=\"https:\/\/backup.kiavcin.sk\/wp-content\/uploads\/2025\/07\/B-11-4-1024x1024.png\" \/>\n\t<meta property=\"og:image:width\" content=\"1024\" \/>\n\t<meta property=\"og:image:height\" content=\"1024\" \/>\n\t<meta property=\"og:image:type\" content=\"image\/png\" \/>\n<meta name=\"twitter:card\" content=\"summary_large_image\" \/>\n<meta name=\"twitter:label1\" content=\"Odhadovan\u00e1 doba \u010dten\u00ed\" \/>\n\t<meta name=\"twitter:data1\" content=\"1 minuta\" \/>\n<script type=\"application\/ld+json\" class=\"yoast-schema-graph\">{\"@context\":\"https:\/\/schema.org\",\"@graph\":[{\"@type\":\"WebPage\",\"@id\":\"https:\/\/kiavcin.sk\/cs\/produkt\/prompt-engineering-kamil-workshop\/\",\"url\":\"https:\/\/kiavcin.sk\/cs\/produkt\/prompt-engineering-kamil-workshop\/\",\"name\":\"Kamil Aujesky: Prompt Engineering pre market\u00e9rov - Ras\u0165o Kiav\u010din\",\"isPartOf\":{\"@id\":\"https:\/\/kiavcin.sk\/cs\/#website\"},\"primaryImageOfPage\":{\"@id\":\"https:\/\/kiavcin.sk\/cs\/produkt\/prompt-engineering-kamil-workshop\/#primaryimage\"},\"image\":{\"@id\":\"https:\/\/kiavcin.sk\/cs\/produkt\/prompt-engineering-kamil-workshop\/#primaryimage\"},\"thumbnailUrl\":\"https:\/\/kiavcin.sk\/wp-content\/uploads\/2025\/07\/B-11-4.png\",\"datePublished\":\"2025-07-31T10:58:02+00:00\",\"dateModified\":\"2025-08-11T14:46:03+00:00\",\"breadcrumb\":{\"@id\":\"https:\/\/kiavcin.sk\/cs\/produkt\/prompt-engineering-kamil-workshop\/#breadcrumb\"},\"inLanguage\":\"cs\",\"potentialAction\":[{\"@type\":\"ReadAction\",\"target\":[\"https:\/\/kiavcin.sk\/cs\/produkt\/prompt-engineering-kamil-workshop\/\"]}]},{\"@type\":\"ImageObject\",\"inLanguage\":\"cs\",\"@id\":\"https:\/\/kiavcin.sk\/cs\/produkt\/prompt-engineering-kamil-workshop\/#primaryimage\",\"url\":\"https:\/\/kiavcin.sk\/wp-content\/uploads\/2025\/07\/B-11-4.png\",\"contentUrl\":\"https:\/\/kiavcin.sk\/wp-content\/uploads\/2025\/07\/B-11-4.png\",\"width\":2160,\"height\":2160,\"caption\":\"Kamil Aujesky v Digitalcoch s workshopom o AI\"},{\"@type\":\"BreadcrumbList\",\"@id\":\"https:\/\/kiavcin.sk\/cs\/produkt\/prompt-engineering-kamil-workshop\/#breadcrumb\",\"itemListElement\":[{\"@type\":\"ListItem\",\"position\":1,\"name\":\"Domovsk\u00e1 str\u00e1nka\",\"item\":\"https:\/\/kiavcin.sk\/\"},{\"@type\":\"ListItem\",\"position\":2,\"name\":\"Shop\",\"item\":\"https:\/\/kiavcin.sk\/?page_id=693\"},{\"@type\":\"ListItem\",\"position\":3,\"name\":\"Kamil Aujesky: Prompt Engineering pre market\u00e9rov\"}]},{\"@type\":\"WebSite\",\"@id\":\"https:\/\/kiavcin.sk\/cs\/#website\",\"url\":\"https:\/\/kiavcin.sk\/cs\/\",\"name\":\"Ras\u0165o Kiav\u010din\",\"description\":\"\",\"publisher\":{\"@id\":\"https:\/\/kiavcin.sk\/cs\/#organization\"},\"potentialAction\":[{\"@type\":\"SearchAction\",\"target\":{\"@type\":\"EntryPoint\",\"urlTemplate\":\"https:\/\/kiavcin.sk\/cs\/?s={search_term_string}\"},\"query-input\":{\"@type\":\"PropertyValueSpecification\",\"valueRequired\":true,\"valueName\":\"search_term_string\"}}],\"inLanguage\":\"cs\"},{\"@type\":\"Organization\",\"@id\":\"https:\/\/kiavcin.sk\/cs\/#organization\",\"name\":\"Ras\u0165o Kiav\u010din\",\"url\":\"https:\/\/kiavcin.sk\/cs\/\",\"logo\":{\"@type\":\"ImageObject\",\"inLanguage\":\"cs\",\"@id\":\"https:\/\/kiavcin.sk\/cs\/#\/schema\/logo\/image\/\",\"url\":\"https:\/\/backup.kiavcin.sk\/wp-content\/uploads\/2024\/09\/HP-avatar-1.png\",\"contentUrl\":\"https:\/\/backup.kiavcin.sk\/wp-content\/uploads\/2024\/09\/HP-avatar-1.png\",\"width\":491,\"height\":481,\"caption\":\"Ras\u0165o Kiav\u010din\"},\"image\":{\"@id\":\"https:\/\/kiavcin.sk\/cs\/#\/schema\/logo\/image\/\"}}]}<\/script>\n<!-- \/ Yoast SEO plugin. -->","yoast_head_json":{"title":"Kamil Aujesky: Prompt Engineering pre market\u00e9rov - Ras\u0165o Kiav\u010din","robots":{"index":"index","follow":"follow","max-snippet":"max-snippet:-1","max-image-preview":"max-image-preview:large","max-video-preview":"max-video-preview:-1"},"canonical":"https:\/\/kiavcin.sk\/cs\/produkt\/prompt-engineering-kamil-workshop\/","og_locale":"cs_CZ","og_type":"article","og_title":"Kamil Aujesky: Prompt Engineering pre market\u00e9rov - Ras\u0165o Kiav\u010din","og_url":"https:\/\/kiavcin.sk\/cs\/produkt\/prompt-engineering-kamil-workshop\/","og_site_name":"Ras\u0165o Kiav\u010din","article_modified_time":"2025-08-11T14:46:03+00:00","og_image":[{"width":1024,"height":1024,"url":"https:\/\/backup.kiavcin.sk\/wp-content\/uploads\/2025\/07\/B-11-4-1024x1024.png","type":"image\/png"}],"twitter_card":"summary_large_image","twitter_misc":{"Odhadovan\u00e1 doba \u010dten\u00ed":"1 minuta"},"schema":{"@context":"https:\/\/schema.org","@graph":[{"@type":"WebPage","@id":"https:\/\/kiavcin.sk\/cs\/produkt\/prompt-engineering-kamil-workshop\/","url":"https:\/\/kiavcin.sk\/cs\/produkt\/prompt-engineering-kamil-workshop\/","name":"Kamil Aujesky: Prompt Engineering pre market\u00e9rov - Ras\u0165o Kiav\u010din","isPartOf":{"@id":"https:\/\/kiavcin.sk\/cs\/#website"},"primaryImageOfPage":{"@id":"https:\/\/kiavcin.sk\/cs\/produkt\/prompt-engineering-kamil-workshop\/#primaryimage"},"image":{"@id":"https:\/\/kiavcin.sk\/cs\/produkt\/prompt-engineering-kamil-workshop\/#primaryimage"},"thumbnailUrl":"https:\/\/kiavcin.sk\/wp-content\/uploads\/2025\/07\/B-11-4.png","datePublished":"2025-07-31T10:58:02+00:00","dateModified":"2025-08-11T14:46:03+00:00","breadcrumb":{"@id":"https:\/\/kiavcin.sk\/cs\/produkt\/prompt-engineering-kamil-workshop\/#breadcrumb"},"inLanguage":"cs","potentialAction":[{"@type":"ReadAction","target":["https:\/\/kiavcin.sk\/cs\/produkt\/prompt-engineering-kamil-workshop\/"]}]},{"@type":"ImageObject","inLanguage":"cs","@id":"https:\/\/kiavcin.sk\/cs\/produkt\/prompt-engineering-kamil-workshop\/#primaryimage","url":"https:\/\/kiavcin.sk\/wp-content\/uploads\/2025\/07\/B-11-4.png","contentUrl":"https:\/\/kiavcin.sk\/wp-content\/uploads\/2025\/07\/B-11-4.png","width":2160,"height":2160,"caption":"Kamil Aujesky v Digitalcoch s workshopom o AI"},{"@type":"BreadcrumbList","@id":"https:\/\/kiavcin.sk\/cs\/produkt\/prompt-engineering-kamil-workshop\/#breadcrumb","itemListElement":[{"@type":"ListItem","position":1,"name":"Domovsk\u00e1 str\u00e1nka","item":"https:\/\/kiavcin.sk\/"},{"@type":"ListItem","position":2,"name":"Shop","item":"https:\/\/kiavcin.sk\/?page_id=693"},{"@type":"ListItem","position":3,"name":"Kamil Aujesky: Prompt Engineering pre market\u00e9rov"}]},{"@type":"WebSite","@id":"https:\/\/kiavcin.sk\/cs\/#website","url":"https:\/\/kiavcin.sk\/cs\/","name":"Ras\u0165o Kiav\u010din","description":"","publisher":{"@id":"https:\/\/kiavcin.sk\/cs\/#organization"},"potentialAction":[{"@type":"SearchAction","target":{"@type":"EntryPoint","urlTemplate":"https:\/\/kiavcin.sk\/cs\/?s={search_term_string}"},"query-input":{"@type":"PropertyValueSpecification","valueRequired":true,"valueName":"search_term_string"}}],"inLanguage":"cs"},{"@type":"Organization","@id":"https:\/\/kiavcin.sk\/cs\/#organization","name":"Ras\u0165o Kiav\u010din","url":"https:\/\/kiavcin.sk\/cs\/","logo":{"@type":"ImageObject","inLanguage":"cs","@id":"https:\/\/kiavcin.sk\/cs\/#\/schema\/logo\/image\/","url":"https:\/\/backup.kiavcin.sk\/wp-content\/uploads\/2024\/09\/HP-avatar-1.png","contentUrl":"https:\/\/backup.kiavcin.sk\/wp-content\/uploads\/2024\/09\/HP-avatar-1.png","width":491,"height":481,"caption":"Ras\u0165o Kiav\u010din"},"image":{"@id":"https:\/\/kiavcin.sk\/cs\/#\/schema\/logo\/image\/"}}]}},"_links":{"self":[{"href":"https:\/\/kiavcin.sk\/cs\/wp-json\/wp\/v2\/product\/5041","targetHints":{"allow":["GET"]}}],"collection":[{"href":"https:\/\/kiavcin.sk\/cs\/wp-json\/wp\/v2\/product"}],"about":[{"href":"https:\/\/kiavcin.sk\/cs\/wp-json\/wp\/v2\/types\/product"}],"wp:featuredmedia":[{"embeddable":true,"href":"https:\/\/kiavcin.sk\/cs\/wp-json\/wp\/v2\/media\/5042"}],"wp:attachment":[{"href":"https:\/\/kiavcin.sk\/cs\/wp-json\/wp\/v2\/media?parent=5041"}],"wp:term":[{"taxonomy":"product_brand","embeddable":true,"href":"https:\/\/kiavcin.sk\/cs\/wp-json\/wp\/v2\/product_brand?post=5041"},{"taxonomy":"product_cat","embeddable":true,"href":"https:\/\/kiavcin.sk\/cs\/wp-json\/wp\/v2\/product_cat?post=5041"},{"taxonomy":"product_tag","embeddable":true,"href":"https:\/\/kiavcin.sk\/cs\/wp-json\/wp\/v2\/product_tag?post=5041"}],"curies":[{"name":"wp","href":"https:\/\/api.w.org\/{rel}","templated":true}]}}